{"id":519,"date":"2015-09-04T11:12:47","date_gmt":"2015-09-04T11:12:47","guid":{"rendered":"http:\/\/www.handu.fi\/ilonakorhonen\/?page_id=519"},"modified":"2023-01-08T18:46:23","modified_gmt":"2023-01-08T18:46:23","slug":"ilona-korhonen","status":"publish","type":"page","link":"https:\/\/www.handu.fi\/ilonakorhonen\/","title":{"rendered":""},"content":{"rendered":"\n<h3><em>\u201dJa m\u00e4 aion el\u00e4\u00e4 ainakin<\/em><br><em> viel\u00e4 kuuskyt vuotta<\/em><br><em> ja mul on pitk\u00e4 ja lihava el\u00e4m\u00e4.<\/em><br><em> Mua vartioi,<\/em><br><em> tiet\u00e4ni vartioi,<\/em><br><em> iso\u00e4idit puuvaatteissaan l\u00e4hteneet.\u201d<\/em><\/h3>\n\n\n\n<figure class=\"is-layout-flex wp-block-gallery-1 wp-block-gallery has-nested-images columns-default is-cropped\">\n<figure class=\"wp-block-image size-large\"><a href=\"https:\/\/www.handu.fi\/ilonakorhonen\/uutisia\/\"><img decoding=\"async\" loading=\"lazy\" width=\"400\" height=\"400\" data-id=\"609\"  src=\"https:\/\/www.handu.fi\/ilonakorhonen\/wp-content\/uploads\/2015\/09\/hedelmat_ruutu_400x400.jpg\" alt=\"\" class=\"wp-image-609\" srcset=\"https:\/\/www.handu.fi\/ilonakorhonen\/wp-content\/uploads\/2015\/09\/hedelmat_ruutu_400x400.jpg 400w, https:\/\/www.handu.fi\/ilonakorhonen\/wp-content\/uploads\/2015\/09\/hedelmat_ruutu_400x400-290x290.jpg 290w, https:\/\/www.handu.fi\/ilonakorhonen\/wp-content\/uploads\/2015\/09\/hedelmat_ruutu_400x400-300x300.jpg 300w\" sizes=\"(max-width: 400px) 100vw, 400px\" \/><\/a><figcaption class=\"wp-element-caption\"><strong>Uutisia<\/strong><\/figcaption><\/figure>\n\n\n\n<figure class=\"wp-block-image size-large\"><a href=\"https:\/\/www.handu.fi\/ilonakorhonen\/bandit\/\"><img decoding=\"async\" loading=\"lazy\" width=\"800\" height=\"800\" data-id=\"610\"  src=\"https:\/\/www.handu.fi\/ilonakorhonen\/wp-content\/uploads\/2015\/09\/peltopromosami_800x800.jpg\" alt=\"\" class=\"wp-image-610\" srcset=\"https:\/\/www.handu.fi\/ilonakorhonen\/wp-content\/uploads\/2015\/09\/peltopromosami_800x800.jpg 800w, https:\/\/www.handu.fi\/ilonakorhonen\/wp-content\/uploads\/2015\/09\/peltopromosami_800x800-290x290.jpg 290w, https:\/\/www.handu.fi\/ilonakorhonen\/wp-content\/uploads\/2015\/09\/peltopromosami_800x800-300x300.jpg 300w\" sizes=\"(max-width: 767px) 89vw, (max-width: 1000px) 54vw, (max-width: 1071px) 543px, 580px\" \/><\/a><figcaption class=\"wp-element-caption\"><strong>B\u00e4ndit<\/strong><\/figcaption><\/figure>\n\n\n\n<figure class=\"wp-block-image size-large\"><a href=\"https:\/\/www.handu.fi\/ilonakorhonen\/keikat\/\"><img decoding=\"async\" loading=\"lazy\" width=\"400\" height=\"400\" data-id=\"619\"  src=\"https:\/\/www.handu.fi\/ilonakorhonen\/wp-content\/uploads\/2015\/09\/keikalla_400x4001.jpg\" alt=\"\" class=\"wp-image-619\" srcset=\"https:\/\/www.handu.fi\/ilonakorhonen\/wp-content\/uploads\/2015\/09\/keikalla_400x4001.jpg 400w, https:\/\/www.handu.fi\/ilonakorhonen\/wp-content\/uploads\/2015\/09\/keikalla_400x4001-290x290.jpg 290w, https:\/\/www.handu.fi\/ilonakorhonen\/wp-content\/uploads\/2015\/09\/keikalla_400x4001-300x300.jpg 300w\" sizes=\"(max-width: 400px) 100vw, 400px\" \/><\/a><figcaption class=\"wp-element-caption\"><strong>Keikat<\/strong><\/figcaption><\/figure>\n<\/figure>\n","protected":false},"excerpt":{"rendered":"<p>\u201dJa m\u00e4 aion el\u00e4\u00e4 ainakin viel\u00e4 kuuskyt vuotta ja mul on pitk\u00e4 ja lihava el\u00e4m\u00e4. Mua vartioi, tiet\u00e4ni vartioi, iso\u00e4idit puuvaatteissaan l\u00e4hteneet.\u201d<\/p>\n","protected":false},"author":1,"featured_media":0,"parent":0,"menu_order":1,"comment_status":"closed","ping_status":"closed","template":"","meta":[],"_links":{"self":[{"href":"https:\/\/www.handu.fi\/ilonakorhonen\/wp-json\/wp\/v2\/pages\/519"}],"collection":[{"href":"https:\/\/www.handu.fi\/ilonakorhonen\/wp-json\/wp\/v2\/pages"}],"about":[{"href":"https:\/\/www.handu.fi\/ilonakorhonen\/wp-json\/wp\/v2\/types\/page"}],"author":[{"embeddable":true,"href":"https:\/\/www.handu.fi\/ilonakorhonen\/wp-json\/wp\/v2\/users\/1"}],"replies":[{"embeddable":true,"href":"https:\/\/www.handu.fi\/ilonakorhonen\/wp-json\/wp\/v2\/comments?post=519"}],"version-history":[{"count":26,"href":"https:\/\/www.handu.fi\/ilonakorhonen\/wp-json\/wp\/v2\/pages\/519\/revisions"}],"predecessor-version":[{"id":868,"href":"https:\/\/www.handu.fi\/ilonakorhonen\/wp-json\/wp\/v2\/pages\/519\/revisions\/868"}],"wp:attachment":[{"href":"https:\/\/www.handu.fi\/ilonakorhonen\/wp-json\/wp\/v2\/media?parent=519"}],"curies":[{"name":"wp","href":"https:\/\/api.w.org\/{rel}","templated":true}]}}