{"id":47,"date":"2011-04-14T07:01:22","date_gmt":"2011-04-14T07:01:22","guid":{"rendered":"http:\/\/www.handu.fi\/ilonakorhonen\/?page_id=47"},"modified":"2015-09-04T11:19:58","modified_gmt":"2015-09-04T11:19:58","slug":"ilona-korhonen-ensemble","status":"publish","type":"page","link":"https:\/\/www.handu.fi\/ilonakorhonen\/bandit\/ilona-korhonen-ensemble\/","title":{"rendered":"ilona korhonen ensemble"},"content":{"rendered":"<p style=\"text-align: justify;\">Ensembless\u00e4 laulaa 17  kansanlaulun ammattilaista ja ammattiopiskelijaa.<br \/>\nSuomessa ainoa  laatuaan oleva yhtye esitt\u00e4\u00e4 tukkiatutisuttavaa, juurevaa naislaulua  inkeril\u00e4is-karjalaiseen tapaan ja Le Mystere Des Voix Finlandes  -hengess\u00e4.<\/p>\n<p style=\"text-align: justify;\">Lis\u00e4tietoja <a href=\"http:\/\/www.ikensemble.fi\">IKEn kotisivuilta<\/a>.<\/p>\n<table>\n<tbody>\n<tr>\n<td><img decoding=\"async\" src=\"http:\/\/ikensemble.fi\/kuvat\/00riikka.jpg\" alt=\"\" \/><\/td>\n<td><img decoding=\"async\" src=\"http:\/\/ikensemble.fi\/kuvat\/00hanni.jpg\" alt=\"\" \/><\/td>\n<td><img decoding=\"async\" src=\"http:\/\/ikensemble.fi\/kuvat\/00helmi.jpg\" alt=\"\" \/><\/td>\n<td><img decoding=\"async\" src=\"http:\/\/ikensemble.fi\/kuvat\/00annaf.jpg\" alt=\"\" \/><\/td>\n<td><img decoding=\"async\" src=\"http:\/\/ikensemble.fi\/kuvat\/00heisi.jpg\" alt=\"\" \/><\/td>\n<td><img decoding=\"async\" src=\"http:\/\/ikensemble.fi\/kuvat\/00lotta.jpg\" alt=\"\" \/><\/td>\n<\/tr>\n<tr>\n<td>Riikka Ahokas<\/td>\n<td>Hanni Autere<\/td>\n<td>Helmi Camus<\/td>\n<td>Anna F\u00e4lt<\/td>\n<td>Heidi Haapoja<\/td>\n<td>Lotta Hagfors<\/td>\n<\/tr>\n<tr>\n<td><img decoding=\"async\" src=\"http:\/\/ikensemble.fi\/kuvat\/00emilia.jpg\" alt=\"\" \/><\/td>\n<td><img decoding=\"async\" src=\"http:\/\/ikensemble.fi\/kuvat\/00anna.jpg\" alt=\"\" \/><\/td>\n<td><img decoding=\"async\" src=\"http:\/\/ikensemble.fi\/kuvat\/00maija.jpg\" alt=\"\" \/><\/td>\n<td><img decoding=\"async\" src=\"http:\/\/ikensemble.fi\/kuvat\/00amanda.jpg\" alt=\"\" \/><\/td>\n<td><img decoding=\"async\" src=\"http:\/\/ikensemble.fi\/kuvat\/00ilona.jpg\" alt=\"\" \/><\/td>\n<td><img decoding=\"async\" src=\"http:\/\/ikensemble.fi\/kuvat\/00emmi.jpg\" alt=\"\" \/><\/td>\n<\/tr>\n<tr>\n<td>Emilia Kallonen<\/td>\n<td>Anna E. Karvonen<\/td>\n<td>Maija Kauhanen<\/td>\n<td>Amanda Kauranne<\/td>\n<td>Ilona Korhonen<\/td>\n<td>Emmi Kuittinen<\/td>\n<\/tr>\n<tr>\n<td><img decoding=\"async\" src=\"http:\/\/ikensemble.fi\/kuvat\/00pia.jpg\" alt=\"\" \/><\/td>\n<td><img decoding=\"async\" src=\"http:\/\/ikensemble.fi\/kuvat\/00juulia.jpg\" alt=\"\" \/><\/td>\n<td><img decoding=\"async\" src=\"http:\/\/ikensemble.fi\/kuvat\/00ulla.jpg\" alt=\"\" \/><\/td>\n<td><img decoding=\"async\" src=\"http:\/\/ikensemble.fi\/kuvat\/00anni.jpg\" alt=\"\" \/><\/td>\n<td><img decoding=\"async\" src=\"http:\/\/ikensemble.fi\/kuvat\/00nora.jpg\" alt=\"\" \/><\/td>\n<\/tr>\n<tr>\n<td>Pia Rask<\/td>\n<td>Juulia Salonen<\/td>\n<td>Ulla Silvennoinen<\/td>\n<td>Anni Tolvanen<\/td>\n<td>Nora Vaura<\/td>\n<\/tr>\n<\/tbody>\n<\/table>\n","protected":false},"excerpt":{"rendered":"<p>Ensembless\u00e4 laulaa 17 kansanlaulun ammattilaista ja ammattiopiskelijaa. Suomessa ainoa laatuaan oleva yhtye esitt\u00e4\u00e4 tukkiatutisuttavaa, juurevaa naislaulua inkeril\u00e4is-karjalaiseen tapaan ja Le Mystere Des Voix Finlandes -hengess\u00e4. Lis\u00e4tietoja IKEn kotisivuilta. Riikka Ahokas Hanni Autere Helmi Camus Anna F\u00e4lt Heidi Haapoja Lotta Hagfors Emilia Kallonen Anna E. Karvonen Maija Kauhanen Amanda Kauranne Ilona Korhonen Emmi Kuittinen Pia Rask &hellip; <\/p>\n<p class=\"link-more\"><a href=\"https:\/\/www.handu.fi\/ilonakorhonen\/bandit\/ilona-korhonen-ensemble\/\" class=\"more-link\">Jatka lukemista<span class=\"screen-reader-text\"> &#8221;ilona korhonen ensemble&#8221;<\/span><\/a><\/p>\n","protected":false},"author":1,"featured_media":0,"parent":530,"menu_order":0,"comment_status":"open","ping_status":"open","template":"","meta":[],"_links":{"self":[{"href":"https:\/\/www.handu.fi\/ilonakorhonen\/wp-json\/wp\/v2\/pages\/47"}],"collection":[{"href":"https:\/\/www.handu.fi\/ilonakorhonen\/wp-json\/wp\/v2\/pages"}],"about":[{"href":"https:\/\/www.handu.fi\/ilonakorhonen\/wp-json\/wp\/v2\/types\/page"}],"author":[{"embeddable":true,"href":"https:\/\/www.handu.fi\/ilonakorhonen\/wp-json\/wp\/v2\/users\/1"}],"replies":[{"embeddable":true,"href":"https:\/\/www.handu.fi\/ilonakorhonen\/wp-json\/wp\/v2\/comments?post=47"}],"version-history":[{"count":5,"href":"https:\/\/www.handu.fi\/ilonakorhonen\/wp-json\/wp\/v2\/pages\/47\/revisions"}],"predecessor-version":[{"id":552,"href":"https:\/\/www.handu.fi\/ilonakorhonen\/wp-json\/wp\/v2\/pages\/47\/revisions\/552"}],"up":[{"embeddable":true,"href":"https:\/\/www.handu.fi\/ilonakorhonen\/wp-json\/wp\/v2\/pages\/530"}],"wp:attachment":[{"href":"https:\/\/www.handu.fi\/ilonakorhonen\/wp-json\/wp\/v2\/media?parent=47"}],"curies":[{"name":"wp","href":"https:\/\/api.w.org\/{rel}","templated":true}]}}