{"id":4,"date":"2011-04-14T06:52:42","date_gmt":"2011-04-14T06:52:42","guid":{"rendered":"http:\/\/www.handu.fi\/ilonakorhonen\/?page_id=4"},"modified":"2021-08-23T17:14:15","modified_gmt":"2021-08-23T17:14:15","slug":"kuka","status":"publish","type":"page","link":"https:\/\/www.handu.fi\/ilonakorhonen\/kuka-mita\/kuka\/","title":{"rendered":"kuka?"},"content":{"rendered":"<p><em>\u00a0<\/em><\/p>\n<p>BIOGRAFIA<\/p>\n<p>Ilona Korhonen on kansanmusiikille sisuksiaan my\u00f6ten antautunut monipuolinen muusikko, joka ty\u00f6skentelee kaikenlaisen, l\u00e4hinn\u00e4 lauletun musiikin parissa.<\/p>\n<p>H\u00e4nelle ovat tuttuja monenlaiset muusikon ty\u00f6t: s\u00e4velt\u00e4j\u00e4n, yhtyemuusikon, tuottajan, laulajan, opettajan, tutkijan ja asiantuntijan teht\u00e4v\u00e4t.<\/p>\n<p>Ennen kansanmusiikin pariin t\u00e4ysin hakeutumistaan Ilona Korhonen opiskeli Sibelius-Akatemian musiikkikasvatuksen osastolla yl\u00e4koulun ja lukion musiikinopettajaksi sek\u00e4 suoritti runsaasti kuoronjohdon ja pedagogiikan opintoja. Vuonna 1997 h\u00e4net valittiin kansanmusiikin osaston opiskelijaksi ja musiikin maisteriksi h\u00e4n valmistui vuonna 2003.<\/p>\n<p>H\u00e4nen kes\u00e4ll\u00e4 2012 kiitt\u00e4en hyv\u00e4ksytyll\u00e4 arvosanalla valmistunut taiteellinen tohtorin tutkintonsa k\u00e4sitteli inkeril\u00e4ist\u00e4 runolaulua, p\u00e4\u00e4asiassa soolorunolaulua. Tutkinnon muusana ja keskushenkil\u00f6n\u00e4 oli inkeril\u00e4isist\u00e4 runolaulajista kuuluisin, Larin Paraske (1834-1904). Tutkinnon otsikko, Tulin kuin tulikipuna \u2013 Larin Parasken runolauluopissa, kuvasi hyvin Korhosen matkaa runolaulun ytimeen, Parasken runolaulajuuden opastamana. Runolaulu onkin Korhosen vahvinta osaamisaluetta. Tohtorin tutkintoonsa kuuluva kirjallinen osuus oli kolmiosainen, joista t\u00e4rkein oli Korhosen omista, uusista kalevalamittaisista runoista koostuva runokirja, Kulje mulle y\u00f6n valona.<\/p>\n<p>Toinen Ilona Korhosen paljon tutkima aihe on polyfonia ja kuorolaulu kaikissa muodoissaan. Osana tohtorin tutkintoaan h\u00e4n s\u00e4velsi ja esitti oman enseblens\u00e4 kanssa tunninmittaisen, inkeril\u00e4ist\u00e4 polyfoniaa l\u00e4ht\u00f6kohtanaan k\u00e4ytt\u00e4v\u00e4n naiskuoroteoksen <em>Tarkka p\u00e4\u00e4, tania mieli<\/em>. T\u00e4lle suurelle ty\u00f6lle pohjaa antoi monipuolinen kuoromusiikin tuntemus pitk\u00e4n kuorolauluharrastuksen sek\u00e4 kuoronjohtajan ja kuoros\u00e4velt\u00e4j\u00e4n t\u00f6iden pohjalta. Korhonen toimii\u00a0Vantaan kamarikuoron taiteellisena johtajana ja h\u00e4n paitsi s\u00e4velt\u00e4\u00e4 paljon musiikkia perinteiselle kamarikuoromuodolle, my\u00f6s on my\u00f6s solminut t\u00e4rkeit\u00e4 kontakteja kuorov\u00e4keen. H\u00e4nen kontaktinsa kaikenlaisen lauletun musiikin esitt\u00e4jiin genrest\u00e4 riippumatta ovat luoneet paljon yhteisty\u00f6hankkeita sek\u00e4 kannustaneet laulajia Korhosen s\u00e4vellysten tilaamiseen.<\/p>\n<p>Ilona Korhonen opettaa Sibelius-Akatemian kansanmusiikin osastolla kansanmusiikin teoriaa, tarkemmin transkriptiota. T\u00e4h\u00e4n osa-alueeseen h\u00e4n on perehtynyt pitk\u00e4\u00e4n; jo vuonna 2003 alkanut Suomalaisen Kirjallisuuden Seuran runolaulun tutkimus- ja nuotintamishanke, jossa Korhonen nuotinsi kaikki \u00e4\u00e4nitearkiston ns. A-nauhojen runolaulu\u00e4\u00e4nitteet, on kouluttanut h\u00e4nt\u00e4 perehtym\u00e4\u00e4n analyyttisesti kansanmusiikin\u00a0 nuotintamiseen sek\u00e4 nuotinkirjoitukseen tietokoneavusteisesti. H\u00e4n on pyrkinyt aktiivisesti kehitt\u00e4m\u00e4\u00e4n paitsi yleisi\u00e4 transkriptiok\u00e4yt\u00e4nteit\u00e4, my\u00f6s maamme kansanmusiikin nuotitamiskulttuuria. T\u00e4ss\u00e4 ty\u00f6ss\u00e4 my\u00f6s suhteet kansanmusiikin ja folkloristiikan tutkijoihin ovat muodostuneet t\u00e4rkeiksi ja l\u00e4heisiksi.<\/p>\n<p>Lokakuussa 2012 Ilona Korhoselle my\u00f6nnettiin Suomen kalevalaisten naisten vuotuinen, taitavalle sanank\u00e4ytt\u00e4j\u00e4lle jaettava Larin Paraske -palkinto.<\/p>\n<p>T\u00e4ll\u00e4 hetkell\u00e4 Korhonen ty\u00f6skentelee freelancemuusikkona, p\u00e4\u00e4asiassa solistina, kuorojen parissa sek\u00e4 omien s\u00e4vellystens\u00e4 ja omille yhtyeillens\u00e4 s\u00e4velt\u00e4m\u00e4ns\u00e4 singer-songwriter -materiaalin parissa. Lis\u00e4ksi h\u00e4n keikkailee paitsi Suomessa, my\u00f6s eri puolilla Eurooppaa, t\u00e4ll\u00e4 hetkell\u00e4 eniten soolorunolaulajan roolissa.<\/p>\n<p>Vuoden 2022 alusta Ilona Korhonen nauttii valtion viisivuotista taiteilijaprofessuuriapurahaa ja saa k\u00e4ytt\u00e4\u00e4 taiteilijaprofessorin arvonime\u00e4.<\/p>\n","protected":false},"excerpt":{"rendered":"<p>\u00a0 BIOGRAFIA Ilona Korhonen on kansanmusiikille sisuksiaan my\u00f6ten antautunut monipuolinen muusikko, joka ty\u00f6skentelee kaikenlaisen, l\u00e4hinn\u00e4 lauletun musiikin parissa. H\u00e4nelle ovat tuttuja monenlaiset muusikon ty\u00f6t: s\u00e4velt\u00e4j\u00e4n, yhtyemuusikon, tuottajan, laulajan, opettajan, tutkijan ja asiantuntijan teht\u00e4v\u00e4t. Ennen kansanmusiikin pariin t\u00e4ysin hakeutumistaan Ilona Korhonen opiskeli Sibelius-Akatemian musiikkikasvatuksen osastolla yl\u00e4koulun ja lukion musiikinopettajaksi sek\u00e4 suoritti runsaasti kuoronjohdon ja pedagogiikan opintoja. &hellip; <\/p>\n<p class=\"link-more\"><a href=\"https:\/\/www.handu.fi\/ilonakorhonen\/kuka-mita\/kuka\/\" class=\"more-link\">Jatka lukemista<span class=\"screen-reader-text\"> &#8221;kuka?&#8221;<\/span><\/a><\/p>\n","protected":false},"author":1,"featured_media":0,"parent":525,"menu_order":0,"comment_status":"open","ping_status":"open","template":"","meta":[],"_links":{"self":[{"href":"https:\/\/www.handu.fi\/ilonakorhonen\/wp-json\/wp\/v2\/pages\/4"}],"collection":[{"href":"https:\/\/www.handu.fi\/ilonakorhonen\/wp-json\/wp\/v2\/pages"}],"about":[{"href":"https:\/\/www.handu.fi\/ilonakorhonen\/wp-json\/wp\/v2\/types\/page"}],"author":[{"embeddable":true,"href":"https:\/\/www.handu.fi\/ilonakorhonen\/wp-json\/wp\/v2\/users\/1"}],"replies":[{"embeddable":true,"href":"https:\/\/www.handu.fi\/ilonakorhonen\/wp-json\/wp\/v2\/comments?post=4"}],"version-history":[{"count":14,"href":"https:\/\/www.handu.fi\/ilonakorhonen\/wp-json\/wp\/v2\/pages\/4\/revisions"}],"predecessor-version":[{"id":828,"href":"https:\/\/www.handu.fi\/ilonakorhonen\/wp-json\/wp\/v2\/pages\/4\/revisions\/828"}],"up":[{"embeddable":true,"href":"https:\/\/www.handu.fi\/ilonakorhonen\/wp-json\/wp\/v2\/pages\/525"}],"wp:attachment":[{"href":"https:\/\/www.handu.fi\/ilonakorhonen\/wp-json\/wp\/v2\/media?parent=4"}],"curies":[{"name":"wp","href":"https:\/\/api.w.org\/{rel}","templated":true}]}}