{"id":374,"date":"2013-09-16T06:36:27","date_gmt":"2013-09-16T06:36:27","guid":{"rendered":"http:\/\/www.handu.fi\/ilonakorhonen\/?page_id=374"},"modified":"2015-09-04T11:19:19","modified_gmt":"2015-09-04T11:19:19","slug":"palvelut","status":"publish","type":"page","link":"https:\/\/www.handu.fi\/ilonakorhonen\/kuka-mita\/palvelut\/","title":{"rendered":"palvelut"},"content":{"rendered":"<p>Teen mielell\u00e4ni esiintymisten lomassa erilaisia <strong>koulutus- ja asiantuntijakeikkoja.<\/strong><\/p>\n<p><strong><br \/>\n<\/strong><\/p>\n<p style=\"padding-left: 60px;\"><strong>Kansanlaulu- ja kansanmusiikkiopetukseni <\/strong>soveltuu hyvin niin p\u00e4iv\u00e4kotien, koulujen,\u00a0 vanhainkotienkin kuin ty\u00f6paikkojenkin teemap\u00e4iviin. My\u00f6s ammattiopiskelijoille ja esim. draama- tai teatteriryhmille voin r\u00e4\u00e4t\u00e4l\u00f6id\u00e4 sopivia kokonaisuuksia, niin lyhyit\u00e4 piristyshetki\u00e4 kuin muutaman viikon t\u00e4ysp\u00e4iv\u00e4isi\u00e4 kurssejakin.<br \/>\nYhdess\u00e4 sopimalla ja suunnittelemalla saamme kokonaisuudesta varmasti sopivan. Ilo pintaan laulamalla ja kuuntelemalla!<\/p>\n<p style=\"padding-left: 60px;\">*<\/p>\n<p style=\"padding-left: 60px;\">Erilaisten <strong>kuorojen ja lauluryhmien<\/strong> kansanmusiikillisten teemakonserttien suunnittelu, taustatuki, asiantuntijapalvelut ja \u00e4\u00e4nenk\u00e4yt\u00f6n ohjaus ovat minulle mieluisia teht\u00e4vi\u00e4. Pitk\u00e4 kokemukseni kaikenlaisesta kuorotoiminnasta auttaa minua ymm\u00e4rt\u00e4m\u00e4\u00e4n kuorojen ja kuoronjohtajien problematiikkaa ja k\u00e4ym\u00e4\u00e4n k\u00e4si k\u00e4dess\u00e4 uutta kohti.<\/p>\n<p style=\"padding-left: 60px;\">*<\/p>\n<p style=\"padding-left: 60px;\">Opetan<strong> Sibelius-nuotinnosohjelman k\u00e4ytt\u00f6\u00e4 <\/strong>Sibelius-Akatemian kansanmusiikin osastolla ja voin tarvittaessa k\u00e4yd\u00e4 kouluttamassa musiikkiopistoissa ja muissa oppilaitoksissa, my\u00f6s erilaisissa kansanmusiikin notaatiok\u00e4yt\u00e4t\u00f6jen asiantuntijateht\u00e4viss\u00e4.<\/p>\n<p style=\"padding-left: 60px;\">*<\/p>\n<p style=\"padding-left: 60px;\">Otan mielell\u00e4ni vastaan <strong>s\u00e4vellys- ja sovitustilauksia<\/strong> erilaisilta kuoroilta ja lauluryhmilt\u00e4. Kansanmusiikista ponnistavia s\u00e4vellyksi\u00e4ni on esitetty eri puolilla maailmaa ja ideoita riitt\u00e4\u00e4!<\/p>\n<p style=\"padding-left: 60px;\">*<\/p>\n<p style=\"padding-left: 60px;\">Perinteiset, modernit, erilaiset, suuret, pienet, intiimit, lyhyet, t\u00e4syp\u00e4iv\u00e4iset <strong>kansanlauluesitykseni<\/strong> ja tarvittaessa konserttini kanssamuusikoiden kera tai soolona kruunaavat lis\u00e4ksi juhlan kuin juhlan!<\/p>\n<p style=\"padding-left: 60px;\">*<\/p>\n<p style=\"padding-left: 60px;\">\n<p style=\"padding-left: 60px;\">\n<p>Heitt\u00e4ydyn aina t\u00f6ihini t\u00e4ysin\u00a0 ja voin luvata antavani parastani.<br \/>\nKunkin ty\u00f6n kohdalla palkkio sovitaan erikseen. Voin laskuttaa toiminimeni kautta tai nauttia palkkaa, kunkin ty\u00f6nantajan tapojen mukaisesti.<\/p>\n<p>Kysy rohkeasti lis\u00e4\u00e4, erikoisimpiakin toiveita toteutan mielell\u00e4ni!<\/p>\n<p>*<\/p>\n<p>Ilona<\/p>\n<p>yhteydenotot: ilona@aania.fi ja 0408218762<\/p>\n<p style=\"padding-left: 30px;\">\n","protected":false},"excerpt":{"rendered":"<p>Teen mielell\u00e4ni esiintymisten lomassa erilaisia koulutus- ja asiantuntijakeikkoja. Kansanlaulu- ja kansanmusiikkiopetukseni soveltuu hyvin niin p\u00e4iv\u00e4kotien, koulujen,\u00a0 vanhainkotienkin kuin ty\u00f6paikkojenkin teemap\u00e4iviin. My\u00f6s ammattiopiskelijoille ja esim. draama- tai teatteriryhmille voin r\u00e4\u00e4t\u00e4l\u00f6id\u00e4 sopivia kokonaisuuksia, niin lyhyit\u00e4 piristyshetki\u00e4 kuin muutaman viikon t\u00e4ysp\u00e4iv\u00e4isi\u00e4 kurssejakin. Yhdess\u00e4 sopimalla ja suunnittelemalla saamme kokonaisuudesta varmasti sopivan. Ilo pintaan laulamalla ja kuuntelemalla! * Erilaisten kuorojen &hellip; <\/p>\n<p class=\"link-more\"><a href=\"https:\/\/www.handu.fi\/ilonakorhonen\/kuka-mita\/palvelut\/\" class=\"more-link\">Jatka lukemista<span class=\"screen-reader-text\"> &#8221;palvelut&#8221;<\/span><\/a><\/p>\n","protected":false},"author":1,"featured_media":0,"parent":525,"menu_order":0,"comment_status":"open","ping_status":"open","template":"","meta":[],"_links":{"self":[{"href":"https:\/\/www.handu.fi\/ilonakorhonen\/wp-json\/wp\/v2\/pages\/374"}],"collection":[{"href":"https:\/\/www.handu.fi\/ilonakorhonen\/wp-json\/wp\/v2\/pages"}],"about":[{"href":"https:\/\/www.handu.fi\/ilonakorhonen\/wp-json\/wp\/v2\/types\/page"}],"author":[{"embeddable":true,"href":"https:\/\/www.handu.fi\/ilonakorhonen\/wp-json\/wp\/v2\/users\/1"}],"replies":[{"embeddable":true,"href":"https:\/\/www.handu.fi\/ilonakorhonen\/wp-json\/wp\/v2\/comments?post=374"}],"version-history":[{"count":9,"href":"https:\/\/www.handu.fi\/ilonakorhonen\/wp-json\/wp\/v2\/pages\/374\/revisions"}],"predecessor-version":[{"id":548,"href":"https:\/\/www.handu.fi\/ilonakorhonen\/wp-json\/wp\/v2\/pages\/374\/revisions\/548"}],"up":[{"embeddable":true,"href":"https:\/\/www.handu.fi\/ilonakorhonen\/wp-json\/wp\/v2\/pages\/525"}],"wp:attachment":[{"href":"https:\/\/www.handu.fi\/ilonakorhonen\/wp-json\/wp\/v2\/media?parent=374"}],"curies":[{"name":"wp","href":"https:\/\/api.w.org\/{rel}","templated":true}]}}