{"id":35,"date":"2011-04-14T07:00:22","date_gmt":"2011-04-14T07:00:22","guid":{"rendered":"http:\/\/www.handu.fi\/ilonakorhonen\/?page_id=35"},"modified":"2015-09-04T11:20:31","modified_gmt":"2015-09-04T11:20:31","slug":"seppo","status":"publish","type":"page","link":"https:\/\/www.handu.fi\/ilonakorhonen\/levyt\/seppo\/","title":{"rendered":"seppo"},"content":{"rendered":"<p><a href=\"http:\/\/www.handu.fi\/ilonakorhonen\/?page_id=23\">Vonkaleen<\/a> ensialbumi <em>Seppo<\/em> julkaistiin helmikuussa 2004 (Roima). Levy sis\u00e4lt\u00e4\u00e4 Ilona Korhosen s\u00e4velt\u00e4mi\u00e4 ja sanoittamia kappaleita, jotka h\u00e4n on  sovittanut yhdess\u00e4 Vonkaleen toisen artistin Pauliina Syrj\u00e4l\u00e4n kanssa.<\/p>\n<p>Levyn voit tilata <a href=\"http:\/\/www.handu.fi\/shop\">Handusta<\/a>.<\/p>\n<p><img decoding=\"async\" src=\"http:\/\/personal.inet.fi\/musiikki\/ilona\/kuvat\/seppo_pieni.jpg\" border=\"0\" alt=\"Vonkale: Seppo\" hspace=\"40\" vspace=\"8\" align=\"right\" \/><\/p>\n<h2><strong><br \/>\n<\/strong><\/h2>\n<p><strong>TUOTESELOSTE<\/strong><\/p>\n<p>Levyn kipaleet:<\/p>\n<ol>\n<li>Seppo<\/li>\n<li>Suvivirsi<\/li>\n<li>Hullu nainen ullakolla<\/li>\n<li>U.K.<\/li>\n<li>Laulajan ty\u00f6<\/li>\n<li>Perttil\u00e4<\/li>\n<li>Meijerilaulu<\/li>\n<li>Lisko<\/li>\n<li>Punatukkaiselle<\/li>\n<li>Sitten kun<\/li>\n<li>Lahdella<\/li>\n<li>60 vuotta<\/li>\n<\/ol>\n<p><strong>S\u00e4vellykset ja sanoitukset:<\/strong> Ilona Korhonen<br \/>\npaitsi 7) osittain trad. sek\u00e4 11) trad.<br \/>\n<strong>Sovitukset:<\/strong> Ilona Korhonen ja Pauliina Kauhanen<\/p>\n<p><strong>Muusisointi:<\/strong> VONKALE [Ilona Korhonen, laulu, ja  Pauliina Kauhanen, kanteleet, laulu, huuliharppu]  sek\u00e4 Taito Hoffr\u00e9n ja Mikko Perkoila, taustalaulu.<\/p>\n<p><strong>\u00c4\u00e4nitys ja miksaus:<\/strong> Taito Hoffr\u00e9n\/\u00c4\u00e4ni\u00e4<br \/>\n\u00c4\u00e4nitetty Keuruulla Mustasaarentien ja Ruuhipolun risteyksess\u00e4 sek\u00e4  Pukkilan Kanteleen kyl\u00e4ss\u00e4 \u00c4\u00e4ni\u00e4-studiolla syksyll\u00e4 2003.<br \/>\n<strong>Masterointi:<\/strong> Jp M\u00f6nkk\u00f6nen, CD-Linja, Vantaa<br \/>\n<strong>Valokuvat:<\/strong> Sami Repo<br \/>\n<strong>Layout:<\/strong> Paula Susitaival<br \/>\n<strong>Tuottaja:<\/strong> <a href=\"http:\/\/www.saunalahti.fi\/perkoila\/\">Mikko Perkoila<\/a><br \/>\n<strong>Sepon tarina:<\/strong> Timo Syrj\u00e4l\u00e4<br \/>\n<strong>(p) &amp; (c):<\/strong> 2004 Roimamusiikki, Harjutie 3 C 13, 04400 J\u00e4rvenp\u00e4\u00e4<\/p>\n","protected":false},"excerpt":{"rendered":"<p>Vonkaleen ensialbumi Seppo julkaistiin helmikuussa 2004 (Roima). Levy sis\u00e4lt\u00e4\u00e4 Ilona Korhosen s\u00e4velt\u00e4mi\u00e4 ja sanoittamia kappaleita, jotka h\u00e4n on sovittanut yhdess\u00e4 Vonkaleen toisen artistin Pauliina Syrj\u00e4l\u00e4n kanssa. Levyn voit tilata Handusta. TUOTESELOSTE Levyn kipaleet: Seppo Suvivirsi Hullu nainen ullakolla U.K. Laulajan ty\u00f6 Perttil\u00e4 Meijerilaulu Lisko Punatukkaiselle Sitten kun Lahdella 60 vuotta S\u00e4vellykset ja sanoitukset: Ilona Korhonen &hellip; <\/p>\n<p class=\"link-more\"><a href=\"https:\/\/www.handu.fi\/ilonakorhonen\/levyt\/seppo\/\" class=\"more-link\">Jatka lukemista<span class=\"screen-reader-text\"> &#8221;seppo&#8221;<\/span><\/a><\/p>\n","protected":false},"author":1,"featured_media":0,"parent":535,"menu_order":0,"comment_status":"open","ping_status":"open","template":"","meta":[],"_links":{"self":[{"href":"https:\/\/www.handu.fi\/ilonakorhonen\/wp-json\/wp\/v2\/pages\/35"}],"collection":[{"href":"https:\/\/www.handu.fi\/ilonakorhonen\/wp-json\/wp\/v2\/pages"}],"about":[{"href":"https:\/\/www.handu.fi\/ilonakorhonen\/wp-json\/wp\/v2\/types\/page"}],"author":[{"embeddable":true,"href":"https:\/\/www.handu.fi\/ilonakorhonen\/wp-json\/wp\/v2\/users\/1"}],"replies":[{"embeddable":true,"href":"https:\/\/www.handu.fi\/ilonakorhonen\/wp-json\/wp\/v2\/comments?post=35"}],"version-history":[{"count":5,"href":"https:\/\/www.handu.fi\/ilonakorhonen\/wp-json\/wp\/v2\/pages\/35\/revisions"}],"predecessor-version":[{"id":556,"href":"https:\/\/www.handu.fi\/ilonakorhonen\/wp-json\/wp\/v2\/pages\/35\/revisions\/556"}],"up":[{"embeddable":true,"href":"https:\/\/www.handu.fi\/ilonakorhonen\/wp-json\/wp\/v2\/pages\/535"}],"wp:attachment":[{"href":"https:\/\/www.handu.fi\/ilonakorhonen\/wp-json\/wp\/v2\/media?parent=35"}],"curies":[{"name":"wp","href":"https:\/\/api.w.org\/{rel}","templated":true}]}}