{"id":27,"date":"2011-04-14T06:59:35","date_gmt":"2011-04-14T06:59:35","guid":{"rendered":"http:\/\/www.handu.fi\/ilonakorhonen\/?page_id=27"},"modified":"2015-09-04T11:19:58","modified_gmt":"2015-09-04T11:19:58","slug":"ilona-ja-huvina","status":"publish","type":"page","link":"https:\/\/www.handu.fi\/ilonakorhonen\/bandit\/ilona-ja-huvina\/","title":{"rendered":"ilona ja huvina"},"content":{"rendered":"<p>Ilona ja huvina esitt\u00e4\u00e4 tuntehikkaita lauluja el\u00e4misest\u00e4 rakkauden chilill\u00e4 tulistettuina ja k\u00e4rsimyksen kermalla notkistettuina. Yhtye on perustettu kouraisemaan kanssaihmisen sielua kuuman lemmen, riipaisevan rakkauden ja suloisen tuskan kynsin.<\/p>\n<p>Yhtyeen muusikot ovat suomalaisen kansanmusiikin tunnetuimpia tulkkeja.<a href=\"http:\/\/www.handu.fi\/ilonakorhonen\/wp-content\/uploads\/2011\/04\/ilonajahuvina.jpg\"><img decoding=\"async\" loading=\"lazy\" class=\"alignright size-full wp-image-122\" title=\"ilonajahuvina\" src=\"http:\/\/www.handu.fi\/ilonakorhonen\/wp-content\/uploads\/2011\/04\/ilonajahuvina.jpg\" alt=\"\" width=\"200\" height=\"300\" \/><\/a><\/p>\n<p>Yhtyeess\u00e4 musisoivat Ilonan kanssa:<\/p>\n<p><strong>EERO GRUNDSTR\u00d6M:<\/strong><\/p>\n<p>Raumalaissyntyinen vapaalehdykk\u00e4virtuoosi Eero G. vastaa  Ilonassa ja Huvinassa Saran kanssa harmoniapuolesta soittamalla  harmoonia.<\/p>\n<p>Eero on pienest\u00e4 pojannappulasta pit\u00e4en soittanut  erilaisia kosketinsoittimia ja mit\u00e4 erilaisimpia musiikkityylej\u00e4. T\u00e4m\u00e4  pitk\u00e4 multimuusikkous on kehitt\u00e4nyt h\u00e4nen harmoonistaan, p\u00e4\u00e4st\u00e4\u00e4n ja  k\u00e4sist\u00e4\u00e4n uskomattoman kvartetin. Eeron muita yhtyeit\u00e4 ovat mm.  Spontaani vire ja huuliharppuyhtye Sv\u00e4ng ja h\u00e4nkin esiintyy mit\u00e4  ihmeellisimmiss\u00e4 teatteri- ja tanssiteatteriproduktioissa.<\/p>\n<p>Lis\u00e4\u00e4 Eerosta:<br \/>\n<a href=\"http:\/\/www.svang.fi\/\" target=\"_blanc\">Sv\u00e4ngin kotisivu<\/a><br \/>\n<a href=\"http:\/\/www.spontaanivire.com\/\" target=\"_blanc\">Spintaani Vireen kotisivu<\/a><\/p>\n<p><strong>LASSI LOGREN<\/strong><\/p>\n<p>Erilaisten jousisoitinten mestari Lassi soittaa Ilonassa ja Huvinassa viulua ja nyckelharpaa.<br \/>\nLassin  nyt jo pitk\u00e4\u00e4n muusikonuraan kuuluvat mm. yhtyeet Kouvon Frouva,  Jorkama sek\u00e4 V\u00e4rttin\u00e4, jonka viulistina h\u00e4n nyky\u00e4\u00e4nkin maailmaa kiert\u00e4\u00e4.  Lassi on lis\u00e4ksi tunnettu kansanmusiikkipedagogi ja h\u00e4n on valmistunut  Sibelius-Akatemiasta kansanmusiikin maisteriksi.<\/p>\n<p><strong> SARA PULJULA<\/strong><\/p>\n<p>Rovaniemelt\u00e4 maailmalle l\u00e4htenyt Sara soittaa Ilonassa  ja Huvinassa, niinkuin lukuisissa\u00a0 muissakin yhtyeiss\u00e4\u00e4n kontrabassoa  sek\u00e4 ly\u00f6m\u00e4soittimia.<\/p>\n<p>Sara on nuoresta i\u00e4st\u00e4\u00e4n huolimatta  soittanut monissa tunnetuissa orkestereissa, mainittakoon n\u00e4ist\u00e4 nimelt\u00e4  Rimpparemmi, Pihasoittajat ja Gjallarhorn. Nyky\u00e4\u00e4n h\u00e4n vaikuttaa mit\u00e4  ihmeellisimmiss\u00e4 tanssi- ja teatteriproduktioissa sek\u00e4 yhtyeiss\u00e4\u00e4n  Spontaani Vire, Pekka Kuusisto &amp; Luomu-players sek\u00e4 Ulla Tapaninen  &amp; Nasevat kurtut.<br \/>\nL\u00e4heist\u00e4 musiikkia Saralle ovat ovat mm. Balkanin alueen kansanmusiikki, pop, heavy, 70 -luvun proge sek\u00e4 mustalaismusiikki<\/p>\n<p>Lis\u00e4\u00e4 Sarasta:<\/p>\n<p><a href=\"http:\/\/www.spontaanivire.com\/\" target=\"_blanc\">Spontaani Vireen kotisivu<\/a><\/p>\n","protected":false},"excerpt":{"rendered":"<p>Ilona ja huvina esitt\u00e4\u00e4 tuntehikkaita lauluja el\u00e4misest\u00e4 rakkauden chilill\u00e4 tulistettuina ja k\u00e4rsimyksen kermalla notkistettuina. Yhtye on perustettu kouraisemaan kanssaihmisen sielua kuuman lemmen, riipaisevan rakkauden ja suloisen tuskan kynsin. Yhtyeen muusikot ovat suomalaisen kansanmusiikin tunnetuimpia tulkkeja. Yhtyeess\u00e4 musisoivat Ilonan kanssa: EERO GRUNDSTR\u00d6M: Raumalaissyntyinen vapaalehdykk\u00e4virtuoosi Eero G. vastaa Ilonassa ja Huvinassa Saran kanssa harmoniapuolesta soittamalla harmoonia. Eero &hellip; <\/p>\n<p class=\"link-more\"><a href=\"https:\/\/www.handu.fi\/ilonakorhonen\/bandit\/ilona-ja-huvina\/\" class=\"more-link\">Jatka lukemista<span class=\"screen-reader-text\"> &#8221;ilona ja huvina&#8221;<\/span><\/a><\/p>\n","protected":false},"author":1,"featured_media":0,"parent":530,"menu_order":0,"comment_status":"open","ping_status":"open","template":"","meta":[],"_links":{"self":[{"href":"https:\/\/www.handu.fi\/ilonakorhonen\/wp-json\/wp\/v2\/pages\/27"}],"collection":[{"href":"https:\/\/www.handu.fi\/ilonakorhonen\/wp-json\/wp\/v2\/pages"}],"about":[{"href":"https:\/\/www.handu.fi\/ilonakorhonen\/wp-json\/wp\/v2\/types\/page"}],"author":[{"embeddable":true,"href":"https:\/\/www.handu.fi\/ilonakorhonen\/wp-json\/wp\/v2\/users\/1"}],"replies":[{"embeddable":true,"href":"https:\/\/www.handu.fi\/ilonakorhonen\/wp-json\/wp\/v2\/comments?post=27"}],"version-history":[{"count":6,"href":"https:\/\/www.handu.fi\/ilonakorhonen\/wp-json\/wp\/v2\/pages\/27\/revisions"}],"predecessor-version":[{"id":551,"href":"https:\/\/www.handu.fi\/ilonakorhonen\/wp-json\/wp\/v2\/pages\/27\/revisions\/551"}],"up":[{"embeddable":true,"href":"https:\/\/www.handu.fi\/ilonakorhonen\/wp-json\/wp\/v2\/pages\/530"}],"wp:attachment":[{"href":"https:\/\/www.handu.fi\/ilonakorhonen\/wp-json\/wp\/v2\/media?parent=27"}],"curies":[{"name":"wp","href":"https:\/\/api.w.org\/{rel}","templated":true}]}}