{"id":23,"date":"2011-04-14T06:59:23","date_gmt":"2011-04-14T06:59:23","guid":{"rendered":"http:\/\/www.handu.fi\/ilonakorhonen\/?page_id=23"},"modified":"2015-09-04T11:19:58","modified_gmt":"2015-09-04T11:19:58","slug":"vonkale","status":"publish","type":"page","link":"https:\/\/www.handu.fi\/ilonakorhonen\/bandit\/vonkale\/","title":{"rendered":"vonkale"},"content":{"rendered":"<p>Vonkale on rehellinen mutta rehentelem\u00e4t\u00f6n duo, joka kanteleensoiton ja  laulun voimalla piirt\u00e4\u00e4 kuvan suomalaisen naisen el\u00e4m\u00e4n  mustavalkoelokuvasta juhannustansseineen, jalkar\u00e4tteineen ja  \u00e4kkipakkasineen &#8211; ukkov\u00e4ke\u00e4 unohtamatta.<\/p>\n<p>Vonkaleen ohjelmistossa on omien s\u00e4vellysten lis\u00e4ksi my\u00f6s suomalaista kansanmusiikkia. Yhtyeess\u00e4 musisoivat Pauliina Syrj\u00e4l\u00e4, kanteleet ja laulu; Ilona Korhonen, laulu, s\u00e4vellykset.<\/p>\n<p>Vonkale sulostuttaa juhlan kuin juhlan!<\/p>\n<p><a href=\"mailto:ilona@aania.fi\"><\/a><\/p>\n<p><a href=\"http:\/\/personal.inet.fi\/musiikki\/ilona\/seppo.html\"><img decoding=\"async\" src=\"http:\/\/personal.inet.fi\/musiikki\/ilona\/kuvat\/seppo_pieni.jpg\" border=\"5\" alt=\"Vonkale: Seppo\" hspace=\"40\" vspace=\"8\" align=\"right\" \/><\/a><strong>SEPPO<\/strong><\/p>\n<p>Vonkaleen ensialbumi Seppo julkaistiin helmikuussa 2004. Levy sis\u00e4lt\u00e4\u00e4 Ilona Korhosen s\u00e4velt\u00e4mi\u00e4 ja sanoittamia kappaleita, jotka h\u00e4n on  sovittanut yhdess\u00e4 Vonkaleen toisen artistin Pauliina Syrj\u00e4l\u00e4n kanssa.<\/p>\n<p>Voit tutustua Seppoon tarkemmin <a href=\"http:\/\/www.handu.fi\/ilonakorhonen\/?page_id=35\">Sepon omilla sivuilla.<\/a><\/p>\n","protected":false},"excerpt":{"rendered":"<p>Vonkale on rehellinen mutta rehentelem\u00e4t\u00f6n duo, joka kanteleensoiton ja laulun voimalla piirt\u00e4\u00e4 kuvan suomalaisen naisen el\u00e4m\u00e4n mustavalkoelokuvasta juhannustansseineen, jalkar\u00e4tteineen ja \u00e4kkipakkasineen &#8211; ukkov\u00e4ke\u00e4 unohtamatta. Vonkaleen ohjelmistossa on omien s\u00e4vellysten lis\u00e4ksi my\u00f6s suomalaista kansanmusiikkia. Yhtyeess\u00e4 musisoivat Pauliina Syrj\u00e4l\u00e4, kanteleet ja laulu; Ilona Korhonen, laulu, s\u00e4vellykset. Vonkale sulostuttaa juhlan kuin juhlan! SEPPO Vonkaleen ensialbumi Seppo julkaistiin helmikuussa &hellip; <\/p>\n<p class=\"link-more\"><a href=\"https:\/\/www.handu.fi\/ilonakorhonen\/bandit\/vonkale\/\" class=\"more-link\">Jatka lukemista<span class=\"screen-reader-text\"> &#8221;vonkale&#8221;<\/span><\/a><\/p>\n","protected":false},"author":1,"featured_media":0,"parent":530,"menu_order":0,"comment_status":"open","ping_status":"open","template":"","meta":[],"_links":{"self":[{"href":"https:\/\/www.handu.fi\/ilonakorhonen\/wp-json\/wp\/v2\/pages\/23"}],"collection":[{"href":"https:\/\/www.handu.fi\/ilonakorhonen\/wp-json\/wp\/v2\/pages"}],"about":[{"href":"https:\/\/www.handu.fi\/ilonakorhonen\/wp-json\/wp\/v2\/types\/page"}],"author":[{"embeddable":true,"href":"https:\/\/www.handu.fi\/ilonakorhonen\/wp-json\/wp\/v2\/users\/1"}],"replies":[{"embeddable":true,"href":"https:\/\/www.handu.fi\/ilonakorhonen\/wp-json\/wp\/v2\/comments?post=23"}],"version-history":[{"count":5,"href":"https:\/\/www.handu.fi\/ilonakorhonen\/wp-json\/wp\/v2\/pages\/23\/revisions"}],"predecessor-version":[{"id":554,"href":"https:\/\/www.handu.fi\/ilonakorhonen\/wp-json\/wp\/v2\/pages\/23\/revisions\/554"}],"up":[{"embeddable":true,"href":"https:\/\/www.handu.fi\/ilonakorhonen\/wp-json\/wp\/v2\/pages\/530"}],"wp:attachment":[{"href":"https:\/\/www.handu.fi\/ilonakorhonen\/wp-json\/wp\/v2\/media?parent=23"}],"curies":[{"name":"wp","href":"https:\/\/api.w.org\/{rel}","templated":true}]}}